{"id":1047,"date":"2024-02-29T11:27:55","date_gmt":"2024-02-29T10:27:55","guid":{"rendered":"https:\/\/hoefer-legal.com\/belastingadvies\/"},"modified":"2024-03-13T20:56:14","modified_gmt":"2024-03-13T19:56:14","slug":"belastingadvies","status":"publish","type":"page","link":"https:\/\/hoefer-legal.com\/nl\/belastingadvies\/","title":{"rendered":"Belastingadvies"},"content":{"rendered":"<div class=\"aussenbox\">\n<div class=\"diebox\">\n<h2 class=\"blau\">Wij zijn een interdisciplinair advocaten- en belastingadvieskantoor dat gespecialiseerd is in specifieke gebieden.<\/h2>\n<p><\/br>Als partner van het belastingadvieskantoor <b><a href=\"https:\/\/pb-steuern.de\/\" target=\"_blank\" rel=\"noopener\">PBS Pekala en Partner mbB<\/a><\/b> bieden wij u het volledige scala aan diensten. Dit geldt voor zowel zakelijke als particuliere belastingaangiften in Duitsland, inclusief de lopende financi\u00eble en loonadministratie. <\/p>\n<h2 class=\"blau\">Kortom: Wij bieden u een volledige service!<\/h2>\n<\/div>\n<div class=\"diebox\">\n<p>Als modern advocatenkantoor zijn we digitaal geori\u00ebnteerd en bieden we internationale expertise. Onze klanten krijgen altijd <b>&#8220;advies uit \u00e9\u00e9n bron&#8221;<\/b>.<\/p>\n<h2 class=\"blau\">Ons aanbod van belastingadviesdiensten<\/h2>\n<ul class=\"non\">\n<li>Doorlopende financi\u00eble boekhouding met digitale documentuitwisseling<\/li>\n<li>Doorlopende salarisadministratie met digitaal personeelsdossier<\/li>\n<li>Opstellen van jaarrekeningen en aangiften vennootschapsbelasting<\/li>\n<li>Voorbereiding van particuliere belastingaangiften [ Inkomsten- en successierechten ]<\/li>\n<\/ul>\n<\/div>\n<\/div>\n","protected":false},"excerpt":{"rendered":"<p>Wij zijn een interdisciplinair advocaten- en belastingadvieskantoor dat gespecialiseerd is in specifieke gebieden. Als partner van het belastingadvieskantoor PBS Pekala en Partner mbB bieden wij u het volledige scala aan diensten. Dit geldt voor zowel zakelijke als particuliere belastingaangiften in Duitsland, inclusief de lopende financi\u00eble en loonadministratie. Kortom: Wij bieden u een volledige service! Als &hellip; <\/p>\n","protected":false},"author":3,"featured_media":981,"parent":0,"menu_order":0,"comment_status":"closed","ping_status":"closed","template":"","meta":{"footnotes":""},"_links":{"self":[{"href":"https:\/\/hoefer-legal.com\/nl\/wp-json\/wp\/v2\/pages\/1047"}],"collection":[{"href":"https:\/\/hoefer-legal.com\/nl\/wp-json\/wp\/v2\/pages"}],"about":[{"href":"https:\/\/hoefer-legal.com\/nl\/wp-json\/wp\/v2\/types\/page"}],"author":[{"embeddable":true,"href":"https:\/\/hoefer-legal.com\/nl\/wp-json\/wp\/v2\/users\/3"}],"replies":[{"embeddable":true,"href":"https:\/\/hoefer-legal.com\/nl\/wp-json\/wp\/v2\/comments?post=1047"}],"version-history":[{"count":8,"href":"https:\/\/hoefer-legal.com\/nl\/wp-json\/wp\/v2\/pages\/1047\/revisions"}],"predecessor-version":[{"id":1768,"href":"https:\/\/hoefer-legal.com\/nl\/wp-json\/wp\/v2\/pages\/1047\/revisions\/1768"}],"wp:featuredmedia":[{"embeddable":true,"href":"https:\/\/hoefer-legal.com\/nl\/wp-json\/wp\/v2\/media\/981"}],"wp:attachment":[{"href":"https:\/\/hoefer-legal.com\/nl\/wp-json\/wp\/v2\/media?parent=1047"}],"curies":[{"name":"wp","href":"https:\/\/api.w.org\/{rel}","templated":true}]}}